{"id":1543,"date":"2020-12-20T20:25:34","date_gmt":"2020-12-20T20:25:34","guid":{"rendered":"http:\/\/eylereng.com\/?page_id=1543"},"modified":"2020-12-20T20:48:37","modified_gmt":"2020-12-20T20:48:37","slug":"urunler","status":"publish","type":"page","link":"https:\/\/www.eylereng.com\/en\/urunler\/","title":{"rendered":"Products"},"content":{"rendered":"<div  class=\"nt-section\">\n                        <div class=\"container\">\n                <div class=\"row\">\n                        <div class=\"nt-column col-sm-12\">\n\n    <div  class=\"row vc_custom_1552337442433 reverse-xs\">\n        \n    <div class=\"nt-column col-sm-12 col-md-5 col-12 section-xs mt-15\">\n                <div class=\"nt-shortcode-wrapper vc_custom_1608414786542 nt_column_1110\"  data-res-css=\"@media (max-width: 992px) {.nt_column_1110{ padding-right: 0px !important; }}\">\n        \n            \n\t\t<h4  class=\"nt-custom-heading mt-30 semi-bold section-heading\">\n\t\tAr-Ge ve OEM \u00dcretim\t\t<\/h4>\n\t\n\t\t<p  class=\"nt-custom-heading section-description\">\n\t\tEyler M\u00fchendislik olarak kurulu\u015fumuzdan itibaren ana i\u015f kolumuz her zaman Ar-Ge ve OEM \u00fcretim olmu\u015ftur. Zaman i\u00e7inde yapm\u0131\u015f oldu\u011fumuz bir \u00e7ok Ar-Ge projesini proje ortaklar\u0131m\u0131zla birlikte \u00fcr\u00fcn\u00fc d\u00f6n\u00fc\u015ft\u00fcr\u00fcp piyasaya sunmaktay\u0131z.<br \/>\nTamamen kendi tasar\u0131m\u0131 ve \u00fcretimi olan GSM \u00fczerinden haberle\u015fme ve kontrol cihazlar\u0131, bir\u00e7ok farkl\u0131 sens\u00f6r \u00f6l\u00e7\u00fcm kartlar\u0131, otomasyon kartlar\u0131 ve y\u00fcksek h\u0131zl\u0131, y\u00fcksek \u00e7\u00f6z\u00fcn\u00fcrl\u00fckl\u00fc analog \u00f6l\u00e7\u00fcm kartlar\u0131 geli\u015ftirerek m\u00fc\u015fterilerine \u00f6zel \u00e7\u00f6z\u00fcmler sunmaktad\u0131r.\t\t<\/p>\n\t<div class=\"nt_btn_2802 text-left text-normal mt-30\">\n\t<a  class=\"nt-btn button-grey button-md\" href=\"https:\/\/www.eylereng.com\/en\/\" title=\"ABOUT\"  >OEM \u00dcr\u00fcnler<\/a>\n\t<\/div>\n                <\/div>\n            <\/div>\n\n\n    <div class=\"nt-column col-sm-12 col-md-7 col-12\">\n        \n            \n\t<div  class=\"wpb_single_image wpb_content_element vc_align_left\">\n\t\t\n\t\t<figure class=\"wpb_wrapper vc_figure\">\n\t\t\t<div class=\"vc_single_image-wrapper   vc_box_border_grey\"><img loading=\"lazy\" decoding=\"async\" width=\"2560\" height=\"2431\" src=\"https:\/\/www.eylereng.com\/wp-content\/uploads\/2020\/12\/DeerMach3_f1-Kopya-scaled.jpg\" class=\"vc_single_image-img attachment-full\" alt=\"\" srcset=\"https:\/\/www.eylereng.com\/wp-content\/uploads\/2020\/12\/DeerMach3_f1-Kopya-scaled.jpg 2560w, https:\/\/www.eylereng.com\/wp-content\/uploads\/2020\/12\/DeerMach3_f1-Kopya-300x285.jpg 300w, https:\/\/www.eylereng.com\/wp-content\/uploads\/2020\/12\/DeerMach3_f1-Kopya-1024x972.jpg 1024w, https:\/\/www.eylereng.com\/wp-content\/uploads\/2020\/12\/DeerMach3_f1-Kopya-768x729.jpg 768w, https:\/\/www.eylereng.com\/wp-content\/uploads\/2020\/12\/DeerMach3_f1-Kopya-1536x1459.jpg 1536w, https:\/\/www.eylereng.com\/wp-content\/uploads\/2020\/12\/DeerMach3_f1-Kopya-2048x1945.jpg 2048w, https:\/\/www.eylereng.com\/wp-content\/uploads\/2020\/12\/DeerMach3_f1-Kopya-600x570.jpg 600w\" sizes=\"auto, (max-width: 2560px) 100vw, 2560px\" \/><\/div>\n\t\t<\/figure>\n\t<\/div>\n\n            <\/div>\n\n    <\/div>\n    <\/div>\n                <\/div>\n            <\/div>\n        <\/div>\n\n    \n        <div  class=\"nt-section section-sm vc_custom_1552554062779 nt-has-fill\">\n                        <div class=\"container\">\n                <div class=\"row\">\n                        <div class=\"nt-column col-sm-12\">\n\n\t<div class=\"wpb_text_column wpb_content_element\" >\n\t\t<div class=\"wpb_wrapper\">\n\t\t\t<h5 style=\"text-align: left;\">Please fill the form and we will get into contact with you:<\/h5>\n\n\t\t<\/div>\n\t<\/div>\n\n<div class=\"wpcf7 no-js\" id=\"wpcf7-f898-o1\" lang=\"en-US\" dir=\"ltr\" data-wpcf7-id=\"898\">\n<div class=\"screen-reader-response\"><p role=\"status\" aria-live=\"polite\" aria-atomic=\"true\"><\/p> <ul><\/ul><\/div>\n<form action=\"\/wp-json\/wp\/v2\/pages\/1543\" method=\"post\" class=\"wpcf7-form init\" aria-label=\"Contact form\" novalidate=\"novalidate\" data-status=\"init\" data-trp-original-action=\"\/en\/wp-json\/wp\/v2\/pages\/1543#wpcf7-f898-o1\">\n<div style=\"display: none;\">\n<input type=\"hidden\" name=\"_wpcf7\" value=\"898\" \/>\n<input type=\"hidden\" name=\"_wpcf7_version\" value=\"6.0.1\" \/>\n<input type=\"hidden\" name=\"_wpcf7_locale\" value=\"en_US\" \/>\n<input type=\"hidden\" name=\"_wpcf7_unit_tag\" value=\"wpcf7-f898-o1\" \/>\n<input type=\"hidden\" name=\"_wpcf7_container_post\" value=\"0\" \/>\n<input type=\"hidden\" name=\"_wpcf7_posted_data_hash\" value=\"\" \/>\n<input type=\"hidden\" name=\"_wpcf7_recaptcha_response\" value=\"\" \/>\n<\/div>\n<div class=\"primary-form-2 mt-45\">\n\t<div class=\"row\">\n\t\t<div class=\"col-md-6 col-sm-6 col-xs-12\">\n\t\t\t<p><label> Name (required)<br \/>\n<span class=\"wpcf7-form-control-wrap\" data-name=\"Name\"><input size=\"40\" maxlength=\"400\" class=\"wpcf7-form-control wpcf7-text wpcf7-validates-as-required\" aria-required=\"true\" aria-invalid=\"false\" placeholder=\"Name*\" value=\"\" type=\"text\" name=\"Name\" \/><\/span><br \/>\n<\/label>\n\t\t\t<\/p>\n\t\t<\/div>\n\t\t<div class=\"col-md-6 col-sm-6 col-xs-12\">\n\t\t\t<p><label> E-Mail (required)<br \/>\n<span class=\"wpcf7-form-control-wrap\" data-name=\"e-Mail\"><input size=\"40\" maxlength=\"400\" class=\"wpcf7-form-control wpcf7-email wpcf7-validates-as-required wpcf7-text wpcf7-validates-as-email\" aria-required=\"true\" aria-invalid=\"false\" placeholder=\"e-Mail*\" value=\"\" type=\"email\" name=\"e-Mail\" \/><\/span><br \/>\n<\/label>\n\t\t\t<\/p>\n\t\t<\/div>\n\t\t<div class=\"col-md-12\">\n\t\t\t<p><label> Your message<br \/>\n<span class=\"wpcf7-form-control-wrap\" data-name=\"Message\"><textarea cols=\"10\" rows=\"3\" maxlength=\"2000\" class=\"wpcf7-form-control wpcf7-textarea wpcf7-validates-as-required\" aria-required=\"true\" aria-invalid=\"false\" placeholder=\"Message*\" name=\"Message\"><\/textarea><\/span><br \/>\n<\/label>\n\t\t\t<\/p>\n\t\t<\/div>\n\t\t<div class=\"col-md-12\">\n\t\t\t<p><input class=\"wpcf7-form-control wpcf7-submit has-spinner button-md button-primary full-width\" type=\"submit\" value=\"G\u00f6nder (Send)\" \/>\n\t\t\t<\/p>\n\t\t<\/div>\n\t<\/div>\n<\/div>\n<p><script>\ndocument.addEventListener( 'wpcf7mailsent', function( event ) {\n location = 'eylereng.com\/contact-form\/';\n}, false );\n<\/script>\n<\/p><p style=\"display: none !important;\" class=\"akismet-fields-container\" data-prefix=\"_wpcf7_ak_\"><label>&#916;<textarea name=\"_wpcf7_ak_hp_textarea\" cols=\"45\" rows=\"8\" maxlength=\"100\"><\/textarea><\/label><input type=\"hidden\" id=\"ak_js_1\" name=\"_wpcf7_ak_js\" value=\"48\"\/><script>document.getElementById( \"ak_js_1\" ).setAttribute( \"value\", ( new Date() ).getTime() );<\/script><\/p><div class=\"wpcf7-response-output\" aria-hidden=\"true\"><\/div>\n<input type=\"hidden\" name=\"trp-form-language\" value=\"en\"\/><\/form>\n<\/div>\n<div\n            class=\"owl-carousel owl-theme clients customizable-carousel\"\n            data-loop=\"true\"\n            data-items=\"7\"\n            data-md-items=\"5\"\n            data-sm-items=\"3\"\n            data-xs-items=\"2\"\n            data-space=\"40\"\n            data-autoplay=\"true\"\n            data-autospeed=\"3500\"\n            data-nav-dots=\"false\"\n            data-nav-arrows=\"false\"><\/div>    <\/div>\n                <\/div>\n            <\/div>\n        <\/div>","protected":false},"excerpt":{"rendered":"Ar-Ge ve OEM \u00dcretim Eyler M\u00fchendislik olarak kurulu\u015fumuzdan itibaren ana i\u015f kolumuz her zaman Ar-Ge ve OEM \u00fcretim olmu\u015ftur. Zaman i\u00e7inde yapm\u0131\u015f oldu\u011fumuz bir \u00e7ok Ar-Ge projesini proje ortaklar\u0131m\u0131zla birlikte \u00fcr\u00fcn\u00fc d\u00f6n\u00fc\u015ft\u00fcr\u00fcp piyasaya sunmaktay\u0131z. Tamamen kendi tasar\u0131m\u0131 ve \u00fcretimi olan GSM \u00fczerinden haberle\u015fme ve kontrol cihazlar\u0131, bir\u00e7ok farkl\u0131 sens\u00f6r \u00f6l\u00e7\u00fcm kartlar\u0131, otomasyon kartlar\u0131 ve y\u00fcksek...","protected":false},"author":1,"featured_media":0,"parent":0,"menu_order":0,"comment_status":"closed","ping_status":"closed","template":"custom-page.php","meta":{"footnotes":""},"class_list":{"0":"post-1543","1":"page","2":"type-page","3":"status-publish","4":"hentry","5":"","6":"nt-default-format-box","8":" nt-post-class "},"_links":{"self":[{"href":"https:\/\/www.eylereng.com\/en\/wp-json\/wp\/v2\/pages\/1543","targetHints":{"allow":["GET"]}}],"collection":[{"href":"https:\/\/www.eylereng.com\/en\/wp-json\/wp\/v2\/pages"}],"about":[{"href":"https:\/\/www.eylereng.com\/en\/wp-json\/wp\/v2\/types\/page"}],"author":[{"embeddable":true,"href":"https:\/\/www.eylereng.com\/en\/wp-json\/wp\/v2\/users\/1"}],"replies":[{"embeddable":true,"href":"https:\/\/www.eylereng.com\/en\/wp-json\/wp\/v2\/comments?post=1543"}],"version-history":[{"count":0,"href":"https:\/\/www.eylereng.com\/en\/wp-json\/wp\/v2\/pages\/1543\/revisions"}],"wp:attachment":[{"href":"https:\/\/www.eylereng.com\/en\/wp-json\/wp\/v2\/media?parent=1543"}],"curies":[{"name":"wp","href":"https:\/\/api.w.org\/{rel}","templated":true}]}}