{"id":2195,"date":"2021-04-29T10:03:51","date_gmt":"2021-04-29T10:03:51","guid":{"rendered":"http:\/\/eylereng.com\/?page_id=2195"},"modified":"2021-04-30T12:47:38","modified_gmt":"2021-04-30T12:47:38","slug":"contact-form","status":"publish","type":"page","link":"https:\/\/www.eylereng.com\/en\/contact-form\/","title":{"rendered":"Contact Form"},"content":{"rendered":"<div  class=\"nt-section section-full\">\n                        <div class=\"container-fluid pl-0 pr-0\">\n                <div class=\"row no-gutters\">\n                        <div class=\"nt-column col-sm-12\">\n<header id=\"nav-default\" class=\"nt-site-header\" data-res-css=\"                 \"><nav id=\"navigation4\" class=\"container navigation\"><div class=\"nav-header\"><a href=\"https:\/\/www.eylereng.com\/en\/\" id=\"nt-logo\" class=\"nav-brand\"><img decoding=\"async\" src=\"https:\/\/www.eylereng.com\/wp-content\/uploads\/2020\/12\/Eyler-logo.jpeg\" alt=\"Eyler Engineering\" class=\"main-logo\" id=\"main_logo\" \/><img decoding=\"async\" src=\"https:\/\/www.eylereng.com\/wp-content\/uploads\/2020\/12\/Eyler-logo.jpeg\" alt=\"Eyler Engineering\" class=\"main-logo\" id=\"light_logo\" \/><\/a><div class=\"nav-toggle\"><\/div><\/div><div class=\"nav-menus-wrapper\"><ul class=\"nav-menu align-to-right\"><li id=\"menu-item-2073\" class=\"menu-item menu-item-type-post_type menu-item-object-page menu-item-home nt-menu-first-item menu-item-2073\"><a href=\"https:\/\/www.eylereng.com\/en\/\">Home<\/a><\/li>\n<li id=\"menu-item-2081\" class=\"menu-item menu-item-type-post_type menu-item-object-page menu-item-has-children menu-item-2081\"><a href=\"https:\/\/www.eylereng.com\/en\/test-and-measurement\/\">Test &amp; Measurement<\/a>\n<ul class=\"nav-dropdown nav-submenu depth_0\" >\n\t<li id=\"menu-item-2084\" class=\"menu-item menu-item-type-post_type menu-item-object-page nt-menu-first-item menu-item-2084\"><a href=\"https:\/\/www.eylereng.com\/en\/test-and-measurement\/pump-analysis\/\">Pump Test and Analysis<\/a><\/li>\n\t<li id=\"menu-item-2082\" class=\"menu-item menu-item-type-post_type menu-item-object-page menu-item-2082\"><a href=\"https:\/\/www.eylereng.com\/en\/test-and-measurement\/e-motor-test\/\">Motor Test ve Analiz<\/a><\/li>\n\t<li id=\"menu-item-2310\" class=\"menu-item menu-item-type-post_type menu-item-object-page menu-item-2310\"><a href=\"https:\/\/www.eylereng.com\/en\/test-and-measurement\/leak-test\/\">Leak Test Sistemleri<\/a><\/li>\n\t<li id=\"menu-item-2085\" class=\"menu-item menu-item-type-post_type menu-item-object-page menu-item-2085\"><a href=\"https:\/\/www.eylereng.com\/en\/test-and-measurement\/vibration-measurement\/\">Vibrasyon \u00d6l\u00e7\u00fcm\u00fc<\/a><\/li>\n\t<li id=\"menu-item-2083\" class=\"menu-item menu-item-type-post_type menu-item-object-page menu-item-2083\"><a href=\"https:\/\/www.eylereng.com\/en\/test-and-measurement\/performance-analysis\/\">Performance Tests<\/a><\/li>\n\t<li id=\"menu-item-2519\" class=\"menu-item menu-item-type-post_type menu-item-object-page menu-item-2519\"><a href=\"https:\/\/www.eylereng.com\/en\/test-and-measurement\/smart-device-tester\/\">IoT \u2013 Mobil Cihaz Test Sistemi<\/a><\/li>\n\t<li id=\"menu-item-2603\" class=\"menu-item menu-item-type-post_type menu-item-object-page nt-menu-last-item menu-item-2603\"><a href=\"https:\/\/www.eylereng.com\/en\/test-and-measurement\/em-keypad-tester\/\">Keypad Test System<\/a><\/li>\n<\/ul>\n<\/li>\n<li id=\"menu-item-2076\" class=\"menu-item menu-item-type-post_type menu-item-object-page menu-item-has-children menu-item-2076\"><a href=\"https:\/\/www.eylereng.com\/en\/oem-production\/\">Products<\/a>\n<ul class=\"nav-dropdown nav-submenu depth_0\" >\n\t<li id=\"menu-item-2436\" class=\"menu-item menu-item-type-post_type menu-item-object-page nt-menu-first-item menu-item-2436\"><a href=\"https:\/\/www.eylereng.com\/en\/solarsehpa-urun\/\">Solar Sehpa<\/a><\/li>\n\t<li id=\"menu-item-2143\" class=\"menu-item menu-item-type-post_type menu-item-object-page menu-item-2143\"><a href=\"https:\/\/www.eylereng.com\/en\/oem-production\/hassas-sensor-guc-kaynagi\/\">Hassas Sens\u00f6r G\u00fc\u00e7 Kayna\u011f\u0131<\/a><\/li>\n\t<li id=\"menu-item-2650\" class=\"menu-item menu-item-type-post_type menu-item-object-page menu-item-2650\"><a href=\"https:\/\/www.eylereng.com\/en\/oem-production\/lna-xc\/\">Hassas Sinyal Y\u00fckseltici<\/a><\/li>\n\t<li id=\"menu-item-2080\" class=\"menu-item menu-item-type-post_type menu-item-object-page menu-item-2080\"><a href=\"https:\/\/www.eylereng.com\/en\/oem-production\/usb4io-giris-cikis-karti\/\">USB Kontrol Cihaz\u0131<\/a><\/li>\n\t<li id=\"menu-item-2078\" class=\"menu-item menu-item-type-post_type menu-item-object-page menu-item-2078\"><a href=\"https:\/\/www.eylereng.com\/en\/oem-production\/basinc-transmitteri\/\">Bas\u0131n\u00e7 Transmitteri<\/a><\/li>\n\t<li id=\"menu-item-2077\" class=\"menu-item menu-item-type-post_type menu-item-object-page menu-item-2077\"><a href=\"https:\/\/www.eylereng.com\/en\/oem-production\/cncboard\/\">CNC LPT Kontrol Kart\u0131<\/a><\/li>\n\t<li id=\"menu-item-2079\" class=\"menu-item menu-item-type-post_type menu-item-object-page nt-menu-last-item menu-item-2079\"><a href=\"https:\/\/www.eylereng.com\/en\/oem-production\/rioa6664-c\/\">RIOA6664-C GSM Kontrol Kart\u0131<\/a><\/li>\n<\/ul>\n<\/li>\n<li id=\"menu-item-2074\" class=\"menu-item menu-item-type-post_type menu-item-object-page menu-item-2074\"><a href=\"https:\/\/www.eylereng.com\/en\/aboutus\/\">ABOUT<\/a><\/li>\n<li id=\"menu-item-2075\" class=\"menu-item menu-item-type-post_type menu-item-object-page menu-item-2075\"><a href=\"https:\/\/www.eylereng.com\/en\/contact-us\/\">CONTACT US<\/a><\/li>\n<li id=\"menu-item-2311\" class=\"trp-language-switcher-container menu-item menu-item-type-post_type menu-item-object-language_switcher current-language-menu-item nt-menu-last-item menu-item-2311\"><a href=\"https:\/\/www.eylereng.com\/en\/wp-json\/wp\/v2\/pages\/2195\"><span data-no-translation><img loading=\"lazy\" decoding=\"async\" class=\"trp-flag-image\" src=\"https:\/\/www.eylereng.com\/wp-content\/plugins\/translatepress-multilingual\/assets\/images\/flags\/tr_TR.png\" width=\"18\" height=\"12\" alt=\"tr_TR\" title=\"T\u00fcrk\u00e7e\"><span class=\"trp-ls-language-name\">T\u00fcrk\u00e7e<\/span><\/span><\/a><\/li>\n<\/ul><\/div><\/nav><\/header>    <\/div>\n                <\/div>\n            <\/div>\n        <\/div>\n\n    \n        <div  data-res-css=\"@media (max-width: 768px) {.nt_section_154309{ padding-bottom: 44px !important; }}\" class=\"nt-section vc_custom_1552555039426 nt_section_154309\">\n                        <div class=\"container\">\n                <div class=\"row\">\n                        <div class=\"nt-column col-sm-4 col-md-4 col-12\">\n\n\t\t<h6  class=\"nt-custom-heading semi-bold section-heading\">\n\t\tAddress\t\t<\/h6>\n\t<ul class=\"grey-list mt-15\"><li><i class=\"fa fa-map-marker-alt\"><\/i> <p>Adalet Mah. 1645\/5 Sk. 25C, 35535, Bayrakl\u0131  -     \u0130zmir  T\u00dcRK\u0130YE<p><\/li><\/ul>\n\t\t<h6  class=\"nt-custom-heading mt-40 semi-bold section-heading\">\n\t\tCONTACT US\t\t<\/h6>\n\t<ul class=\"grey-list mt-15\"><li><i class=\"fa fa-phone\"><\/i> <p>+(90) 232 999 89 08<p><\/li><li><i class=\"fa fa-fax\"><\/i> <p>+(90) 232 999 89 08<p><\/li><li><i class=\"fa fa-envelope-open\"><\/i> <p>info@eylereng.com<p><\/li><\/ul>    <\/div>\n    <div class=\"nt-column col-sm-8 col-md-8 col-12\">\n\n\t\t<h2 style=\"text-align: center;font-family:Abril Fatface;font-weight:400;font-style:normal\" class=\"vc_custom_heading vc_custom_1619690618029\" >\n\t\t\u0130leti\u015fim formunuz bize ula\u015fm\u0131\u015ft\u0131r.<br \/>\nEn k\u0131sa zamanda size geri d\u00f6n\u00fc\u015f yapaca\u011f\u0131z.\t\t<\/h2>\n\t    <\/div>\n                <\/div>\n            <\/div>\n        <\/div>\n\n    \n        <div  class=\"nt-section section-sm vc_custom_1552554978759 nt-has-fill\">\n                        <div class=\"container\">\n                <div class=\"row\">\n                        <div class=\"nt-column col-sm-12 col-12\">\n        <div class=\"nt-shortcode-wrapper  nt_column_1755\"  data-res-css=\"@media (max-width: 768px) {.nt_column_1755{ padding-top: 70px !important;padding-right: 15px !important;padding-bottom: 70px !important;padding-left: 15px !important; }}\">\n    <div\n            class=\"owl-carousel owl-theme clients customizable-carousel\"\n            data-loop=\"true\"\n            data-items=\"6\"\n            data-md-items=\"5\"\n            data-sm-items=\"3\"\n            data-xs-items=\"2\"\n            data-space=\"40\"\n            data-autoplay=\"true\"\n            data-autospeed=\"3500\"\n            data-nav-dots=\"false\"\n            data-nav-arrows=\"false\"><\/div>        <\/div>\n        <\/div>\n                <\/div>\n            <\/div>\n        <\/div>","protected":false},"excerpt":{"rendered":"Ana Sayfa Test &#038; \u00d6l\u00e7\u00fcm Pompa Test ve Analiz Motor Test ve Analiz Leak Test Sistemleri Vibrasyon \u00d6l\u00e7\u00fcm\u00fc Performans Testleri IoT \u2013 Mobil Cihaz Test Sistemi Tu\u015f Tak\u0131m\u0131 Test Sistemi \u00dcr\u00fcnler Solar Sehpa Hassas Sens\u00f6r G\u00fc\u00e7 Kayna\u011f\u0131 Hassas Sinyal Y\u00fckseltici USB Kontrol Cihaz\u0131 Bas\u0131n\u00e7 Transmitteri CNC LPT Kontrol Kart\u0131 RIOA6664-C GSM Kontrol Kart\u0131 Hakk\u0131m\u0131zda \u0130leti\u015fim...","protected":false},"author":1,"featured_media":0,"parent":0,"menu_order":0,"comment_status":"closed","ping_status":"closed","template":"custom-page.php","meta":{"footnotes":""},"class_list":{"0":"post-2195","1":"page","2":"type-page","3":"status-publish","4":"hentry","5":"","6":"nt-default-format-box","8":" nt-post-class "},"_links":{"self":[{"href":"https:\/\/www.eylereng.com\/en\/wp-json\/wp\/v2\/pages\/2195","targetHints":{"allow":["GET"]}}],"collection":[{"href":"https:\/\/www.eylereng.com\/en\/wp-json\/wp\/v2\/pages"}],"about":[{"href":"https:\/\/www.eylereng.com\/en\/wp-json\/wp\/v2\/types\/page"}],"author":[{"embeddable":true,"href":"https:\/\/www.eylereng.com\/en\/wp-json\/wp\/v2\/users\/1"}],"replies":[{"embeddable":true,"href":"https:\/\/www.eylereng.com\/en\/wp-json\/wp\/v2\/comments?post=2195"}],"version-history":[{"count":0,"href":"https:\/\/www.eylereng.com\/en\/wp-json\/wp\/v2\/pages\/2195\/revisions"}],"wp:attachment":[{"href":"https:\/\/www.eylereng.com\/en\/wp-json\/wp\/v2\/media?parent=2195"}],"curies":[{"name":"wp","href":"https:\/\/api.w.org\/{rel}","templated":true}]}}